
{"id":210,"date":"2017-09-01T17:51:02","date_gmt":"2017-09-01T17:51:02","guid":{"rendered":"http:\/\/demo.curlythemes.com\/art-gallery-wp\/?page_id=2"},"modified":"2026-03-30T20:30:12","modified_gmt":"2026-03-30T18:30:12","slug":"home","status":"publish","type":"page","link":"https:\/\/violinejacquot.com\/","title":{"rendered":"Home"},"content":{"rendered":"<div class=\"wpb-content-wrapper\">[vc_row curly_padding=\u00a0\u00bbcontent-padding-xl\u00a0\u00bb][vc_column][vc_column_text css=\u00a0\u00bb\u00a0\u00bb]\n<h1 class=\"special-title display-2\" style=\"text-align: center;\">\u0152uvres disponibles<\/h1>\n[\/vc_column_text][vc_raw_html css=\u00a0\u00bb\u00a0\u00bb]JTVCd2NzLXNjaGVkdWxlJTIwaWQlM0Q5JTVE[\/vc_raw_html][vc_btn title=\u00a0\u00bbToutes les \u0153uvres disponibles\u00a0\u00bb style=\u00a0\u00bbbtn-outline-primary\u00a0\u00bb align=\u00a0\u00bbcenter\u00a0\u00bb css=\u00a0\u00bb\u00a0\u00bb link=\u00a0\u00bburl:https%3A%2F%2Fviolinejacquot.com%2F%3Fpage_id%3D175&Prime;][\/vc_column][\/vc_row][vc_row gap=\u00a0\u00bb35&Prime; curly_padding=\u00a0\u00bbcontent-padding-lg\u00a0\u00bb css=\u00a0\u00bb.vc_custom_1503595338867{padding-top: 0px !important;}\u00a0\u00bb][vc_column width=\u00a0\u00bb2\/3&Prime; offset=\u00a0\u00bbvc_col-sm-offset-2&Prime;][vc_column_text css=\u00a0\u00bb\u00a0\u00bb]\n<h2 class=\"display-1 special-title\" style=\"text-align: center;\">A propos<\/h2>\n[\/vc_column_text][\/vc_column][vc_column width=\u00a0\u00bb1\/4&Prime;][vc_empty_space height=\u00a0\u00bb48px\u00a0\u00bb][vc_empty_space][vc_column_text css=\u00a0\u00bb\u00a0\u00bb]\n<p class=\"lead\"><span style=\"color: #b89e4f;\">\u00ab\u00a0Entre le ciel et l\u2019eau, je cherche cet instant o\u00f9 la couleur devient \u00e9motion.\u00a0\u00bb<\/span><\/p>\n[\/vc_column_text][\/vc_column][vc_column width=\u00a0\u00bb1\/4&Prime;][vc_column_text css=\u00a0\u00bb\u00a0\u00bb]\n<p class=\"cvGsUA direction-ltr align-center para-style-body\"><span class=\"a_GcMg font-feature-liga-off font-feature-clig-off font-feature-calt-off text-decoration-none text-strikethrough-none\">Artiste peintre autodidacte, je suis anim\u00e9e par la cr\u00e9ation d&rsquo;\u0153uvres douces et significatives. J\u2019aspire, au travers mes toiles, \u00e0 susciter un lien \u00e9motionnel avec ceux qui les caressent du regard.<\/span><\/p>\n<p class=\"cvGsUA direction-ltr align-center para-style-body\"><span class=\"a_GcMg font-feature-liga-off font-feature-clig-off font-feature-calt-off text-decoration-none text-strikethrough-none\">Depuis mon atelier \u00e0 Lausanne, j\u2019exp\u00e9rimente teintes et mat\u00e9riaux, et puise mon inspiration dans la beaut\u00e9 de la nature, des montagnes et du lac L\u00e9man.<\/span><\/p>\n[\/vc_column_text][\/vc_column][vc_column width=\u00a0\u00bb1\/4&Prime;][vc_column_text css=\u00a0\u00bb\u00a0\u00bb]\n<p class=\"cvGsUA direction-ltr align-center para-style-body\"><span class=\"a_GcMg font-feature-liga-off font-feature-clig-off font-feature-calt-off text-decoration-none text-strikethrough-none\">Au fil des ann\u00e9es, j\u2019ai d\u00e9velopp\u00e9 une identit\u00e9 artistique reconnaissable par ses couleurs, inspir\u00e9es du ciel et de l\u2019eau, ainsi que par des \u00e9l\u00e9ments isol\u00e9s minutieusement d\u00e9taill\u00e9s. <\/span><\/p>\n<p class=\"cvGsUA direction-ltr align-center para-style-body\"><span class=\"a_GcMg font-feature-liga-off font-feature-clig-off font-feature-calt-off text-decoration-none text-strikethrough-none\">Un style qui m\u2019est propre s\u2019est ainsi dessin\u00e9 : calme, simple et contemplatif.<\/span><\/p>\n[\/vc_column_text][vc_btn title=\u00a0\u00bbEn savoir plus\u00a0\u00bb style=\u00a0\u00bbbtn-outline-primary\u00a0\u00bb align=\u00a0\u00bbcenter\u00a0\u00bb css=\u00a0\u00bb\u00a0\u00bb link=\u00a0\u00bburl:https%3A%2F%2Fviolinejacquot.com%2F%3Fpage_id%3D306|title:Violine%20Jacquot\u00a0\u00bb][\/vc_column][vc_column width=\u00a0\u00bb1\/4&Prime;][vc_single_image image=\u00a0\u00bb466&Prime; img_size=\u00a0\u00bbfull\u00a0\u00bb css=\u00a0\u00bb\u00a0\u00bb][\/vc_column][\/vc_row][vc_row][vc_column][vc_column_text css=\u00a0\u00bb\u00a0\u00bb]\n<h2 class=\"display-1 special-title\" style=\"text-align: center;\">Expositions<\/h2>\n[\/vc_column_text][vc_raw_html css=\u00a0\u00bb\u00a0\u00bb]JTVCd2NzLXNjaGVkdWxlJTIwaWQlM0QxJTVE[\/vc_raw_html][\/vc_column][\/vc_row][vc_row curly_padding=\u00a0\u00bbcontent-padding-lg\u00a0\u00bb css=\u00a0\u00bb.vc_custom_1503604954255{padding-top: 0px !important;}\u00a0\u00bb][vc_column][vc_column_text css=\u00a0\u00bb\u00a0\u00bb]\n<h2 class=\"display-1 special-title\" style=\"text-align: center;\">Petits formats et tirages<\/h2>\n[\/vc_column_text][vc_empty_space height=\u00a0\u00bb\u00a0\u00bb el_class=\u00a0\u00bbxtd-spacer\u00a0\u00bb][vc_masonry_grid post_type=\u00a0\u00bbproduct\u00a0\u00bb max_items=\u00a0\u00bb4&Prime; element_width=\u00a0\u00bb3&Prime; item=\u00a0\u00bbmediaGrid_BorderedScaleWithTitle\u00a0\u00bb css=\u00a0\u00bb\u00a0\u00bb grid_id=\u00a0\u00bbvc_gid:1774895380900-432452a9-ebfd-2&Prime; exclude=\u00a0\u00bb190&Prime;][vc_empty_space height=\u00a0\u00bb\u00a0\u00bb el_class=\u00a0\u00bbxtd-spacer\u00a0\u00bb][vc_btn title=\u00a0\u00bbVoir tout\u00a0\u00bb style=\u00a0\u00bbbtn-outline-primary\u00a0\u00bb align=\u00a0\u00bbcenter\u00a0\u00bb css=\u00a0\u00bb\u00a0\u00bb link=\u00a0\u00bburl:https%3A%2F%2Fviolinejacquot.com%2F%3Fpost_type%3Dproduct|title:Petits%20formats\u00a0\u00bb][\/vc_column][\/vc_row]\n<\/div>","protected":false},"excerpt":{"rendered":"<p>[vc_row curly_padding=\u00a0\u00bbcontent-padding-xl\u00a0\u00bb][vc_column][vc_column_text css=\u00a0\u00bb\u00a0\u00bb] \u0152uvres disponibles [\/vc_column_text][vc_raw_html css=\u00a0\u00bb\u00a0\u00bb]JTVCd2NzLXNjaGVkdWxlJTIwaWQlM0Q5JTVE[\/vc_raw_html][vc_btn title=\u00a0\u00bbToutes les \u0153uvres disponibles\u00a0\u00bb style=\u00a0\u00bbbtn-outline-primary\u00a0\u00bb align=\u00a0\u00bbcenter\u00a0\u00bb css=\u00a0\u00bb\u00a0\u00bb link=\u00a0\u00bburl:https%3A%2F%2Fviolinejacquot.com%2F%3Fpage_id%3D175&Prime;][\/vc_column][\/vc_row][vc_row gap=\u00a0\u00bb35&Prime; curly_padding=\u00a0\u00bbcontent-padding-lg\u00a0\u00bb css=\u00a0\u00bb.vc_custom_1503595338867{padding-top: 0px !important;}\u00a0\u00bb][vc_column width=\u00a0\u00bb2\/3&Prime; offset=\u00a0\u00bbvc_col-sm-offset-2&Prime;][vc_column_text css=\u00a0\u00bb\u00a0\u00bb] A propos [\/vc_column_text][\/vc_column][vc_column width=\u00a0\u00bb1\/4&Prime;][vc_empty_space height=\u00a0\u00bb48px\u00a0\u00bb][vc_empty_space][vc_column_text css=\u00a0\u00bb\u00a0\u00bb] \u00ab\u00a0Entre le ciel et l\u2019eau, je cherche cet instant o\u00f9 la couleur devient \u00e9motion.\u00a0\u00bb [\/vc_column_text][\/vc_column][vc_column width=\u00a0\u00bb1\/4&Prime;][vc_column_text css=\u00a0\u00bb\u00a0\u00bb] Artiste peintre autodidacte, je suis anim\u00e9e par la cr\u00e9ation d&rsquo;\u0153uvres douces et significatives. J\u2019aspire, [&hellip;]<\/p>\n","protected":false},"author":2,"featured_media":0,"parent":0,"menu_order":0,"comment_status":"closed","ping_status":"open","template":"","meta":{"footnotes":""},"class_list":["post-210","page","type-page","status-publish","hentry"],"_links":{"self":[{"href":"https:\/\/violinejacquot.com\/index.php?rest_route=\/wp\/v2\/pages\/210","targetHints":{"allow":["GET"]}}],"collection":[{"href":"https:\/\/violinejacquot.com\/index.php?rest_route=\/wp\/v2\/pages"}],"about":[{"href":"https:\/\/violinejacquot.com\/index.php?rest_route=\/wp\/v2\/types\/page"}],"author":[{"embeddable":true,"href":"https:\/\/violinejacquot.com\/index.php?rest_route=\/wp\/v2\/users\/2"}],"replies":[{"embeddable":true,"href":"https:\/\/violinejacquot.com\/index.php?rest_route=%2Fwp%2Fv2%2Fcomments&post=210"}],"version-history":[{"count":29,"href":"https:\/\/violinejacquot.com\/index.php?rest_route=\/wp\/v2\/pages\/210\/revisions"}],"predecessor-version":[{"id":1045,"href":"https:\/\/violinejacquot.com\/index.php?rest_route=\/wp\/v2\/pages\/210\/revisions\/1045"}],"wp:attachment":[{"href":"https:\/\/violinejacquot.com\/index.php?rest_route=%2Fwp%2Fv2%2Fmedia&parent=210"}],"curies":[{"name":"wp","href":"https:\/\/api.w.org\/{rel}","templated":true}]}}