
{"id":345,"date":"2025-06-13T16:25:20","date_gmt":"2025-06-13T14:25:20","guid":{"rendered":"https:\/\/violinejacquot.com\/?page_id=345"},"modified":"2025-10-02T15:56:38","modified_gmt":"2025-10-02T13:56:38","slug":"sur-mesure","status":"publish","type":"page","link":"https:\/\/violinejacquot.com\/?page_id=345","title":{"rendered":"Sur mesure"},"content":{"rendered":"<div class=\"wpb-content-wrapper\">[vc_row curly_padding=\u00a0\u00bbcontent-padding\u00a0\u00bb css=\u00a0\u00bb.vc_custom_1504195713546{padding-bottom: 0px !important;}\u00a0\u00bb][vc_column][vc_empty_space height=\u00a0\u00bb56px\u00a0\u00bb][vc_column_text css=\u00a0\u00bb\u00a0\u00bb]\n<h1 class=\"display-2 special-title\" style=\"text-align: center;\"><small>DONNEZ VIE \u00c0 VOS<\/small> Envies<\/h1>\n[\/vc_column_text][\/vc_column][\/vc_row][vc_row gap=\u00a0\u00bb35&Prime;][vc_column width=\u00a0\u00bb1\/3&Prime;][vc_column_text css=\u00a0\u00bb\u00a0\u00bb]\n<h2>Pourquoi choisir un tableau sur mesure ?<\/h2>\n<p>Un tableau personnalis\u00e9 est bien plus qu\u2019une simple d\u00e9coration : c\u2019est une \u0153uvre unique, pens\u00e9e pour vous et votre espace. Chaque d\u00e9tail, chaque couleur, chaque \u00e9l\u00e9ment est choisi pour refl\u00e9ter vos go\u00fbts, vos \u00e9motions et l\u2019ambiance que vous souhaitez cr\u00e9er.[\/vc_column_text][vc_column_text css=\u00a0\u00bb\u00a0\u00bb]\n<h4>Opter pour un tableau sur mesure, c\u2019est :<\/h4>\n[\/vc_column_text][vc_column_text css=\u00a0\u00bb\u00a0\u00bb]\n<ul data-start=\"489\" data-end=\"939\">\n<li data-start=\"489\" data-end=\"566\">\n<p data-start=\"491\" data-end=\"566\">Etre assur\u00e9 de poss\u00e9der une \u0153uvre unique.<\/p>\n<\/li>\n<li data-start=\"567\" data-end=\"668\">\n<p data-start=\"569\" data-end=\"668\">Exprimer votre personnalit\u00e9 et vos envies.<\/p>\n<\/li>\n<li data-start=\"808\" data-end=\"939\">\n<p data-start=\"810\" data-end=\"939\">S\u2019adapter \u00e0 vos espaces et int\u00e9rieurs..<\/p>\n<\/li>\n<\/ul>\n<p data-start=\"941\" data-end=\"1172\">Chaque tableau personnalis\u00e9 raconte une histoire et invite \u00e0 ressentir des \u00e9motions profondes. Offrir ou acqu\u00e9rir un tableau sur mesure, c\u2019est transformer un espace en lieu vivant, plein de sens et d\u2019\u00e9motions.<\/p>\n[\/vc_column_text][\/vc_column][vc_column width=\u00a0\u00bb7\/12&Prime; offset=\u00a0\u00bbvc_col-sm-offset-1&Prime;]<div class='xtd-timeline '><div class='xtd-timeline__item' data-title='Pr\u00e9sentation du projet'>[vc_single_image image=\u00a0\u00bb535&Prime; img_size=\u00a0\u00bbfull\u00a0\u00bb css=\u00a0\u00bb\u00a0\u00bb el_class=\u00a0\u00bbxtd-offset-frame\u00a0\u00bb][vc_column_text css=\u00a0\u00bb\u00a0\u00bb]\n<p data-start=\"315\" data-end=\"409\">Vous me pr\u00e9sentez votre projet, vos inspirations, vos envies. Nous \u00e9changeons ensemble sur :<\/p>\n<ul data-start=\"410\" data-end=\"545\">\n<li data-start=\"410\" data-end=\"463\">\n<p data-start=\"412\" data-end=\"463\">Le sujet souhait\u00e9<\/p>\n<\/li>\n<li data-start=\"464\" data-end=\"489\">\n<p data-start=\"466\" data-end=\"489\">Les couleurs dominantes<\/p>\n<\/li>\n<li data-start=\"490\" data-end=\"501\">\n<p data-start=\"492\" data-end=\"501\">Le format<\/p>\n<\/li>\n<li data-start=\"502\" data-end=\"545\">\n<p data-start=\"504\" data-end=\"545\">L\u2019ambiance ou l\u2019\u00e9motion \u00e0 faire ressortir<\/p>\n<\/li>\n<\/ul>\n[\/vc_column_text]<\/div><div class='xtd-timeline__item' data-title='Proposition personnalis\u00e9e'>[vc_single_image image=\u00a0\u00bb536&Prime; img_size=\u00a0\u00bbfull\u00a0\u00bb css=\u00a0\u00bb\u00a0\u00bb el_class=\u00a0\u00bbxtd-offset-frame\u00a0\u00bb][vc_column_text css=\u00a0\u00bb\u00a0\u00bb]\n<p data-start=\"685\" data-end=\"743\">Je vous envoie une proposition personnalis\u00e9e, comprenant :<\/p>\n<ul data-start=\"744\" data-end=\"842\">\n<li data-start=\"744\" data-end=\"786\">\n<p data-start=\"746\" data-end=\"786\">Un croquis ou une \u00e9bauche<\/p>\n<\/li>\n<li data-start=\"787\" data-end=\"806\">\n<p data-start=\"789\" data-end=\"806\">Un devis d\u00e9taill\u00e9<\/p>\n<\/li>\n<li data-start=\"807\" data-end=\"842\">\n<p data-start=\"809\" data-end=\"842\">Un d\u00e9lai estimatif de r\u00e9alisation<\/p>\n<\/li>\n<\/ul>\n<p data-start=\"844\" data-end=\"916\">Si besoin, nous ajustons ensemble le projet en fonction de vos envies.<\/p>\n[\/vc_column_text]<\/div><div class='xtd-timeline__item' data-title='Validation du devis'>[vc_single_image image=\u00a0\u00bb534&Prime; img_size=\u00a0\u00bbfull\u00a0\u00bb css=\u00a0\u00bb\u00a0\u00bb el_class=\u00a0\u00bbxtd-offset-frame\u00a0\u00bb][vc_column_text css=\u00a0\u00bb\u00a0\u00bb]\n<p data-start=\"963\" data-end=\"1147\">Apr\u00e8s validation du devis, un acompte est demand\u00e9, permettant de valider la commande.<\/p>\n<p data-start=\"1257\" data-end=\"1404\">Ensuite, d\u00e9bute la r\u00e9alisation de votre tableau. Le d\u00e9lai d\u00e9pendant du format et de la complexit\u00e9 de l\u2019\u0153uvre.<\/p>\n<p data-start=\"1149\" data-end=\"1209\">[\/vc_column_text]<\/div><div class='xtd-timeline__item' data-title='Validation du rendu final'>[vc_single_image image=\u00a0\u00bb533&Prime; img_size=\u00a0\u00bbfull\u00a0\u00bb css=\u00a0\u00bb\u00a0\u00bb el_class=\u00a0\u00bbxtd-offset-frame\u00a0\u00bb][vc_column_text css=\u00a0\u00bb\u00a0\u00bb]\n<p data-start=\"963\" data-end=\"1147\">Une fois le tableau termin\u00e9, des photos du rendu final vous sont transmises. De petites retouches peuvent \u00eatre effectu\u00e9es, si n\u00e9cessaire.<\/p>\n<p>Apr\u00e8s validation finale de l\u2019\u0153uvre, le solde est \u00e0 r\u00e9gler.<br data-start=\"1814\" data-end=\"1817\" \/>[\/vc_column_text]<\/div><div class='xtd-timeline__item' data-title='Exp\u00e9dition du tableau'>[vc_single_image image=\u00a0\u00bb508&Prime; img_size=\u00a0\u00bbfull\u00a0\u00bb css=\u00a0\u00bb\u00a0\u00bb el_class=\u00a0\u00bbxtd-offset-frame\u00a0\u00bb][vc_column_text css=\u00a0\u00bb\u00a0\u00bb]\n<p data-start=\"1909\" data-end=\"2070\">Enfin, votre \u0153uvre est soigneusement emball\u00e9e, puis exp\u00e9di\u00e9e via un transporteur adapt\u00e9.<\/p>\n<p data-start=\"1909\" data-end=\"2070\">Une remise en main propre est \u00e9galement possible si vous \u00eates dans la r\u00e9gion lausannoise.<\/p>\n[\/vc_column_text]<\/div><\/div>[\/vc_column][\/vc_row]\n<\/div>","protected":false},"excerpt":{"rendered":"<p>[vc_row curly_padding=\u00a0\u00bbcontent-padding\u00a0\u00bb css=\u00a0\u00bb.vc_custom_1504195713546{padding-bottom: 0px !important;}\u00a0\u00bb][vc_column][vc_empty_space height=\u00a0\u00bb56px\u00a0\u00bb][vc_column_text css=\u00a0\u00bb\u00a0\u00bb] DONNEZ VIE \u00c0 VOS Envies [\/vc_column_text][\/vc_column][\/vc_row][vc_row gap=\u00a0\u00bb35&Prime;][vc_column width=\u00a0\u00bb1\/3&Prime;][vc_column_text css=\u00a0\u00bb\u00a0\u00bb] Pourquoi choisir un tableau sur mesure ? Un tableau personnalis\u00e9 est bien plus qu\u2019une simple d\u00e9coration : c\u2019est une \u0153uvre unique, pens\u00e9e pour vous et votre espace. Chaque d\u00e9tail, chaque couleur, chaque \u00e9l\u00e9ment est choisi pour refl\u00e9ter vos go\u00fbts, vos \u00e9motions et l\u2019ambiance que [&hellip;]<\/p>\n","protected":false},"author":2,"featured_media":0,"parent":0,"menu_order":0,"comment_status":"closed","ping_status":"closed","template":"","meta":{"footnotes":""},"class_list":["post-345","page","type-page","status-publish","hentry"],"_links":{"self":[{"href":"https:\/\/violinejacquot.com\/index.php?rest_route=\/wp\/v2\/pages\/345","targetHints":{"allow":["GET"]}}],"collection":[{"href":"https:\/\/violinejacquot.com\/index.php?rest_route=\/wp\/v2\/pages"}],"about":[{"href":"https:\/\/violinejacquot.com\/index.php?rest_route=\/wp\/v2\/types\/page"}],"author":[{"embeddable":true,"href":"https:\/\/violinejacquot.com\/index.php?rest_route=\/wp\/v2\/users\/2"}],"replies":[{"embeddable":true,"href":"https:\/\/violinejacquot.com\/index.php?rest_route=%2Fwp%2Fv2%2Fcomments&post=345"}],"version-history":[{"count":15,"href":"https:\/\/violinejacquot.com\/index.php?rest_route=\/wp\/v2\/pages\/345\/revisions"}],"predecessor-version":[{"id":744,"href":"https:\/\/violinejacquot.com\/index.php?rest_route=\/wp\/v2\/pages\/345\/revisions\/744"}],"wp:attachment":[{"href":"https:\/\/violinejacquot.com\/index.php?rest_route=%2Fwp%2Fv2%2Fmedia&parent=345"}],"curies":[{"name":"wp","href":"https:\/\/api.w.org\/{rel}","templated":true}]}}