
{"id":689,"date":"2025-09-07T17:34:59","date_gmt":"2025-09-07T15:34:59","guid":{"rendered":"https:\/\/violinejacquot.com\/?page_id=689"},"modified":"2026-01-28T16:38:02","modified_gmt":"2026-01-28T15:38:02","slug":"mention-legales","status":"publish","type":"page","link":"https:\/\/violinejacquot.com\/?page_id=689","title":{"rendered":"Mention l\u00e9gales"},"content":{"rendered":"\n<h3 class=\"wp-block-heading\">\u00c9diteur du site<\/h3>\n\n\n\n<p>Le site internet <a href=\"http:\/\/www.violinejacquot.com\">www.violinejacquot.com<\/a> est \u00e9dit\u00e9 par :<\/p>\n\n\n\n<p><strong>Nom :<\/strong> Violine Jacquot<br><strong>Profession :<\/strong> Artiste peintre<br><strong>Adresse :<\/strong> 1004 Lausanne, Suisse <br><strong>Email :<\/strong> <a href=\"https:\/\/violinejacquot.com\/?page_id=78\" data-type=\"page\" data-id=\"78\">info@violinejacquot.com<\/a><br><strong>Forme juridique<\/strong> : Entreprise individuelle<br><strong>IDE :<\/strong> CHE-375.608.782<br><\/p>\n\n\n\n<h3 class=\"wp-block-heading\">H\u00e9bergement<\/h3>\n\n\n\n<p>Le site est h\u00e9berg\u00e9 par :<br><strong>Nom :<\/strong> Infomaniak Network SA<br><strong>Adresse :<\/strong> 5, Chemin de la Cr\u00e9taux, 1228 Plan-les-Ouates, Suisse<br><strong>Site web :<\/strong> <a>https:\/\/www.infomaniak.com<\/a><\/p>\n\n\n\n<h3 class=\"wp-block-heading\">Propri\u00e9t\u00e9 intellectuelle<\/h3>\n\n\n\n<p>Tous les contenus pr\u00e9sents sur ce site, y compris les textes, images, photos et peintures, sont prot\u00e9g\u00e9s par le droit d\u2019auteur et appartiennent \u00e0 Violine Jacquot. Toute reproduction, repr\u00e9sentation, modification ou utilisation, totale ou partielle, est strictement interdite sans autorisation \u00e9crite pr\u00e9alable.<\/p>\n\n\n\n<h3 class=\"wp-block-heading\">Produits et services<\/h3>\n\n\n\n<p>Le site propose \u00e0 la vente des peintures originales et des reproductions en \u00e9ditions limit\u00e9es cr\u00e9\u00e9es par Violine Jacquot. Les prix affich\u00e9s sont en francs suisses (CHF) et incluent toutes les taxes applicables. Les conditions d\u00e9taill\u00e9es de vente, de livraison et de remboursement sont disponibles sur les pages correspondantes du site.<\/p>\n\n\n\n<h3 class=\"wp-block-heading\">Responsabilit\u00e9<\/h3>\n\n\n\n<p>Violine Jacquot met tout en \u0153uvre pour assurer l\u2019exactitude des informations pr\u00e9sent\u00e9es sur le site. Toutefois, l\u2019\u00e9diteur ne peut \u00eatre tenu responsable :<\/p>\n\n\n\n<ul class=\"wp-block-list\">\n<li>de l\u2019utilisation qui pourrait \u00eatre faite des informations publi\u00e9es.<\/li>\n\n\n\n<li>des interruptions ou dysfonctionnements du site,<\/li>\n\n\n\n<li>des erreurs ou omissions dans le contenu,<\/li>\n<\/ul>\n\n\n\n<h3 class=\"wp-block-heading\">Donn\u00e9es personnelles<\/h3>\n\n\n\n<p>Les informations collect\u00e9es via le site sont trait\u00e9es conform\u00e9ment \u00e0 la <a href=\"https:\/\/violinejacquot.com\/?page_id=3\" data-type=\"page\" data-id=\"3\">politique de confidentialit\u00e9<\/a> du site. Les visiteurs disposent d\u2019un droit d\u2019acc\u00e8s, de modification et de suppression de leurs donn\u00e9es personnelles.<\/p>\n\n\n\n<h3 class=\"wp-block-heading\">Cookies<\/h3>\n\n\n\n<p>Le site utilise des cookies n\u00e9cessaires \u00e0 son bon fonctionnement et \u00e0 des fins de statistiques de navigation. Pour plus d\u2019informations, consultez la <a href=\"https:\/\/violinejacquot.com\/?page_id=3\" data-type=\"page\" data-id=\"3\">politique de confidentialit\u00e9<\/a>.<\/p>\n\n\n\n<h3 class=\"wp-block-heading\">Loi applicable et juridiction<\/h3>\n\n\n\n<p>Le pr\u00e9sent site et ses contenus sont r\u00e9gis par le droit suisse. En cas de litige relatif \u00e0 l\u2019utilisation du site ou \u00e0 la vente des \u0153uvres, le Tribunal de Lausanne sera seul comp\u00e9tent.<\/p>\n","protected":false},"excerpt":{"rendered":"<p>\u00c9diteur du site Le site internet www.violinejacquot.com est \u00e9dit\u00e9 par : Nom : Violine JacquotProfession : Artiste peintreAdresse : 1004 Lausanne, Suisse Email : info@violinejacquot.comForme juridique : Entreprise individuelleIDE : CHE-375.608.782 H\u00e9bergement Le site est h\u00e9berg\u00e9 par :Nom : Infomaniak Network SAAdresse : 5, Chemin de la Cr\u00e9taux, 1228 Plan-les-Ouates, SuisseSite web : https:\/\/www.infomaniak.com Propri\u00e9t\u00e9 intellectuelle Tous les contenus pr\u00e9sents [&hellip;]<\/p>\n","protected":false},"author":2,"featured_media":0,"parent":0,"menu_order":0,"comment_status":"closed","ping_status":"closed","template":"","meta":{"footnotes":""},"class_list":["post-689","page","type-page","status-publish","hentry"],"_links":{"self":[{"href":"https:\/\/violinejacquot.com\/index.php?rest_route=\/wp\/v2\/pages\/689","targetHints":{"allow":["GET"]}}],"collection":[{"href":"https:\/\/violinejacquot.com\/index.php?rest_route=\/wp\/v2\/pages"}],"about":[{"href":"https:\/\/violinejacquot.com\/index.php?rest_route=\/wp\/v2\/types\/page"}],"author":[{"embeddable":true,"href":"https:\/\/violinejacquot.com\/index.php?rest_route=\/wp\/v2\/users\/2"}],"replies":[{"embeddable":true,"href":"https:\/\/violinejacquot.com\/index.php?rest_route=%2Fwp%2Fv2%2Fcomments&post=689"}],"version-history":[{"count":9,"href":"https:\/\/violinejacquot.com\/index.php?rest_route=\/wp\/v2\/pages\/689\/revisions"}],"predecessor-version":[{"id":1037,"href":"https:\/\/violinejacquot.com\/index.php?rest_route=\/wp\/v2\/pages\/689\/revisions\/1037"}],"wp:attachment":[{"href":"https:\/\/violinejacquot.com\/index.php?rest_route=%2Fwp%2Fv2%2Fmedia&parent=689"}],"curies":[{"name":"wp","href":"https:\/\/api.w.org\/{rel}","templated":true}]}}