
{"id":563,"date":"2025-08-22T18:11:22","date_gmt":"2025-08-22T16:11:22","guid":{"rendered":"https:\/\/violinejacquot.com\/?post_type=product&#038;p=563"},"modified":"2026-01-14T11:58:49","modified_gmt":"2026-01-14T10:58:49","slug":"barque","status":"publish","type":"product","link":"https:\/\/violinejacquot.com\/?product=barque","title":{"rendered":"Tirage Fine Art &#8211; Sentinelle"},"content":{"rendered":"<p data-start=\"226\" data-end=\"653\">Tirage Fine Art de l\u2019\u0153uvre originale <em data-start=\"263\" data-end=\"275\">\u00ab Sentinelle \u00bb<\/em>, issue de la s\u00e9rie \u00ab Qui\u00e9tude \u00bb. Cette sc\u00e8ne capture la douceur fragile d\u2019une matin\u00e9e d\u2019hiver, o\u00f9 la brume enveloppe l\u2019horizon et les tons gris se m\u00ealent au silence du jour naissant. Une barque abandonn\u00e9e d\u00e9rive lentement, tandis qu\u2019une aigrette discr\u00e8te fixe l\u2019horizon, observant l\u2019\u00e9veil du soleil. Ensemble, ils incarnent la s\u00e9r\u00e9nit\u00e9 silencieuse et la po\u00e9sie de l\u2019aube.<\/p>\n<p data-start=\"655\" data-end=\"850\">Cette reproduction restitue fid\u00e8lement l\u2019\u00e9motion et la d\u00e9licatesse de l\u2019\u0153uvre originale peinte en 2025, mettant en valeur les nuances subtiles de gris et l\u2019atmosph\u00e8re contemplative de la sc\u00e8ne.<\/p>\n<p data-start=\"852\" data-end=\"1005\">Chaque tirage est imprim\u00e9 sur papier Hahnem\u00fchle Photo Rag 308\u202fgsm. Les diff\u00e9rents formats sont propos\u00e9s en \u00e9dition limit\u00e9e, num\u00e9rot\u00e9s et sign\u00e9s \u00e0 la main par l\u2019artiste.<\/p>\n","protected":false},"excerpt":{"rendered":"<p class=\"cvGsUA direction-ltr align-start para-style-body\"><span class=\"a_GcMg font-feature-liga-off font-feature-clig-off font-feature-calt-off text-decoration-none text-strikethrough-none\">Une matin\u00e9e d\u2019hiver, froide et brumeuse. Le soleil h\u00e9site \u00e0 percer l\u2019horizon. Une barque oubli\u00e9e d\u00e9rive doucement, gardienne silencieuse d\u2019une aigrette blanche <\/span><span class=\"a_GcMg font-feature-liga-off font-feature-clig-off font-feature-calt-off text-decoration-none text-strikethrough-none\">venue observer l\u2019aube.<\/span><\/p>\n<p><em>Chaque tirage est r\u00e9alis\u00e9 en \u00e9dition limit\u00e9e, num\u00e9rot\u00e9 et sign\u00e9 par l\u2019artiste.<\/em><\/p>\n","protected":false},"featured_media":571,"template":"","meta":[],"product_brand":[],"product_cat":[75],"product_tag":[73,72],"class_list":{"0":"post-563","1":"product","2":"type-product","3":"status-publish","4":"has-post-thumbnail","6":"product_cat-tirage-dart","7":"product_tag-art","8":"product_tag-peinture","10":"first","11":"instock","12":"shipping-taxable","13":"purchasable","14":"product-type-variable"},"_links":{"self":[{"href":"https:\/\/violinejacquot.com\/index.php?rest_route=\/wp\/v2\/product\/563","targetHints":{"allow":["GET"]}}],"collection":[{"href":"https:\/\/violinejacquot.com\/index.php?rest_route=\/wp\/v2\/product"}],"about":[{"href":"https:\/\/violinejacquot.com\/index.php?rest_route=\/wp\/v2\/types\/product"}],"wp:featuredmedia":[{"embeddable":true,"href":"https:\/\/violinejacquot.com\/index.php?rest_route=\/wp\/v2\/media\/571"}],"wp:attachment":[{"href":"https:\/\/violinejacquot.com\/index.php?rest_route=%2Fwp%2Fv2%2Fmedia&parent=563"}],"wp:term":[{"taxonomy":"product_brand","embeddable":true,"href":"https:\/\/violinejacquot.com\/index.php?rest_route=%2Fwp%2Fv2%2Fproduct_brand&post=563"},{"taxonomy":"product_cat","embeddable":true,"href":"https:\/\/violinejacquot.com\/index.php?rest_route=%2Fwp%2Fv2%2Fproduct_cat&post=563"},{"taxonomy":"product_tag","embeddable":true,"href":"https:\/\/violinejacquot.com\/index.php?rest_route=%2Fwp%2Fv2%2Fproduct_tag&post=563"}],"curies":[{"name":"wp","href":"https:\/\/api.w.org\/{rel}","templated":true}]}}