
{"id":567,"date":"2025-08-22T18:23:51","date_gmt":"2025-08-22T16:23:51","guid":{"rendered":"https:\/\/violinejacquot.com\/?post_type=product&#038;p=567"},"modified":"2026-01-14T11:57:30","modified_gmt":"2026-01-14T10:57:30","slug":"contre-courant","status":"publish","type":"product","link":"https:\/\/violinejacquot.com\/?product=contre-courant","title":{"rendered":"Tirage Fine Art &#8211; Ailleurs"},"content":{"rendered":"<p data-start=\"217\" data-end=\"589\">Tirage Fine Art de l\u2019\u0153uvre originale <em data-start=\"254\" data-end=\"265\">\u00ab Ailleurs \u00bb<\/em>, issue de la s\u00e9rie \u00ab Entre deux mondes \u00bb. Cette sc\u00e8ne capture l\u2019instant suspendu o\u00f9 la lumi\u00e8re danse entre l\u2019eau et le ciel, brouillant subtilement la fronti\u00e8re entre deux univers. Un oiseau s&rsquo;\u00e9lance, h\u00e9sitant entre ce qu\u2019il quitte et ce vers quoi il se dirige.<\/p>\n<p data-start=\"591\" data-end=\"778\">Cette reproduction restitue fid\u00e8lement l\u2019\u00e9motion et la d\u00e9licatesse de l\u2019\u0153uvre originale peinte en 2025, mettant en valeur les nuances subtiles et l\u2019atmosph\u00e8re contemplative de la sc\u00e8ne.<\/p>\n<p data-start=\"780\" data-end=\"933\">Chaque tirage est imprim\u00e9 sur papier Hahnem\u00fchle Photo Rag 308\u202fgsm et sign\u00e9 par l\u2019artiste, offrant une reproduction durable et fid\u00e8le de l\u2019original.<\/p>\n","protected":false},"excerpt":{"rendered":"<p><span style=\"font-weight: 400;\">Dans le silence du ciel, un oiseau s\u2019\u00e9lance vers l\u2019ailleurs. <\/span><span style=\"font-weight: 400;\">Entre le monde qu\u2019il laisse derri\u00e8re lui et celui qu\u2019il devine, <\/span><span style=\"font-weight: 400;\">il glisse vers l\u2019invisible, l\u00e0 o\u00f9 la lumi\u00e8re se transforme. <\/span><span style=\"font-weight: 400;\">Parfois, tout commence par un simple \u00e9lan.<\/span><\/p>\n<p><em>Chaque tirage est r\u00e9alis\u00e9 en \u00e9dition limit\u00e9e, num\u00e9rot\u00e9 et sign\u00e9 par l\u2019artiste.<\/em><\/p>\n","protected":false},"featured_media":980,"template":"","meta":[],"product_brand":[],"product_cat":[75],"product_tag":[73,72],"class_list":{"0":"post-567","1":"product","2":"type-product","3":"status-publish","4":"has-post-thumbnail","6":"product_cat-tirage-dart","7":"product_tag-art","8":"product_tag-peinture","10":"first","11":"instock","12":"shipping-taxable","13":"purchasable","14":"product-type-variable"},"_links":{"self":[{"href":"https:\/\/violinejacquot.com\/index.php?rest_route=\/wp\/v2\/product\/567","targetHints":{"allow":["GET"]}}],"collection":[{"href":"https:\/\/violinejacquot.com\/index.php?rest_route=\/wp\/v2\/product"}],"about":[{"href":"https:\/\/violinejacquot.com\/index.php?rest_route=\/wp\/v2\/types\/product"}],"wp:featuredmedia":[{"embeddable":true,"href":"https:\/\/violinejacquot.com\/index.php?rest_route=\/wp\/v2\/media\/980"}],"wp:attachment":[{"href":"https:\/\/violinejacquot.com\/index.php?rest_route=%2Fwp%2Fv2%2Fmedia&parent=567"}],"wp:term":[{"taxonomy":"product_brand","embeddable":true,"href":"https:\/\/violinejacquot.com\/index.php?rest_route=%2Fwp%2Fv2%2Fproduct_brand&post=567"},{"taxonomy":"product_cat","embeddable":true,"href":"https:\/\/violinejacquot.com\/index.php?rest_route=%2Fwp%2Fv2%2Fproduct_cat&post=567"},{"taxonomy":"product_tag","embeddable":true,"href":"https:\/\/violinejacquot.com\/index.php?rest_route=%2Fwp%2Fv2%2Fproduct_tag&post=567"}],"curies":[{"name":"wp","href":"https:\/\/api.w.org\/{rel}","templated":true}]}}