
{"id":575,"date":"2025-08-23T15:32:28","date_gmt":"2025-08-23T13:32:28","guid":{"rendered":"https:\/\/violinejacquot.com\/?post_type=product&#038;p=575"},"modified":"2026-01-14T11:55:52","modified_gmt":"2026-01-14T10:55:52","slug":"lueur","status":"publish","type":"product","link":"https:\/\/violinejacquot.com\/?product=lueur","title":{"rendered":"Tirage Fine Art &#8211; Lueur"},"content":{"rendered":"<p data-start=\"208\" data-end=\"575\">Tirage Fine Art de l\u2019\u0153uvre originale <em data-start=\"245\" data-end=\"256\">\u00ab Lueur \u00bb<\/em>, issue de la s\u00e9rie \u00ab Qui\u00e9tude \u00bb. Cette sc\u00e8ne capture la douceur d\u2019une fin de journ\u00e9e dans l\u2019archipel, o\u00f9 les derniers rayons du soleil se refl\u00e8tent sur l\u2019eau calme. Un p\u00eacheur solitaire glisse lentement dans sa pirogue, ramenant le fruit de sa p\u00eache, incarnant la qui\u00e9tude et la po\u00e9sie d\u00e9licate de ce cr\u00e9puscule.<\/p>\n<p data-start=\"577\" data-end=\"764\">Cette reproduction restitue fid\u00e8lement l\u2019\u00e9motion et la s\u00e9r\u00e9nit\u00e9 de l\u2019\u0153uvre originale peinte en 2024, mettant en valeur les nuances subtiles de gris et la lumi\u00e8re changeante de la sc\u00e8ne.<\/p>\n<p data-start=\"766\" data-end=\"919\">Chaque tirage est imprim\u00e9 sur papier Hahnem\u00fchle Photo Rag 308\u202fgsm. Les diff\u00e9rents formats sont propos\u00e9s en \u00e9dition limit\u00e9e, num\u00e9rot\u00e9s et sign\u00e9s \u00e0 la main par l\u2019artiste.<\/p>\n","protected":false},"excerpt":{"rendered":"<p><span style=\"font-weight: 400;\">Fin de journ\u00e9e sur le lac. Le soleil dispara\u00eet peu \u00e0 peu derri\u00e8re les reliefs. <\/span><span style=\"font-weight: 400;\">Une barque appara\u00eet dans le dernier rayon sur l\u2019eau. Le p\u00eacheur, \u00e9puis\u00e9, rentre au port. <\/span><span style=\"font-weight: 400;\">Dans cette lueur fragile, il rapporte le fruit de la longue journ\u00e9e.<\/span><\/p>\n<p><em>Chaque tirage est r\u00e9alis\u00e9 en \u00e9dition limit\u00e9e, num\u00e9rot\u00e9 et sign\u00e9 par l\u2019artiste.<\/em><\/p>\n","protected":false},"featured_media":582,"template":"","meta":[],"product_brand":[],"product_cat":[75],"product_tag":[73,72],"class_list":{"0":"post-575","1":"product","2":"type-product","3":"status-publish","4":"has-post-thumbnail","6":"product_cat-tirage-dart","7":"product_tag-art","8":"product_tag-peinture","10":"first","11":"instock","12":"shipping-taxable","13":"purchasable","14":"product-type-variable"},"_links":{"self":[{"href":"https:\/\/violinejacquot.com\/index.php?rest_route=\/wp\/v2\/product\/575","targetHints":{"allow":["GET"]}}],"collection":[{"href":"https:\/\/violinejacquot.com\/index.php?rest_route=\/wp\/v2\/product"}],"about":[{"href":"https:\/\/violinejacquot.com\/index.php?rest_route=\/wp\/v2\/types\/product"}],"wp:featuredmedia":[{"embeddable":true,"href":"https:\/\/violinejacquot.com\/index.php?rest_route=\/wp\/v2\/media\/582"}],"wp:attachment":[{"href":"https:\/\/violinejacquot.com\/index.php?rest_route=%2Fwp%2Fv2%2Fmedia&parent=575"}],"wp:term":[{"taxonomy":"product_brand","embeddable":true,"href":"https:\/\/violinejacquot.com\/index.php?rest_route=%2Fwp%2Fv2%2Fproduct_brand&post=575"},{"taxonomy":"product_cat","embeddable":true,"href":"https:\/\/violinejacquot.com\/index.php?rest_route=%2Fwp%2Fv2%2Fproduct_cat&post=575"},{"taxonomy":"product_tag","embeddable":true,"href":"https:\/\/violinejacquot.com\/index.php?rest_route=%2Fwp%2Fv2%2Fproduct_tag&post=575"}],"curies":[{"name":"wp","href":"https:\/\/api.w.org\/{rel}","templated":true}]}}