
{"id":585,"date":"2025-08-25T17:34:55","date_gmt":"2025-08-25T15:34:55","guid":{"rendered":"https:\/\/violinejacquot.com\/?post_type=product&#038;p=585"},"modified":"2026-01-14T11:53:59","modified_gmt":"2026-01-14T10:53:59","slug":"baie","status":"publish","type":"product","link":"https:\/\/violinejacquot.com\/?product=baie","title":{"rendered":"Tirage Fine Art &#8211; Accalmie"},"content":{"rendered":"<p data-start=\"523\" data-end=\"642\">Tirage Fine Art de l\u2019\u0153uvre originale <em data-start=\"186\" data-end=\"196\">\u00ab Accalmie \u00bb<\/em>, issue de la s\u00e9rie \u00ab Qui\u00e9tude \u00bb. Cette sc\u00e8ne capture la rencontre d\u00e9licate entre l\u2019eau et le ciel, r\u00e9v\u00e9lant des nuances subtiles de gris et une lumi\u00e8re fragile. Apr\u00e8s la temp\u00eate nocturne, l\u2019aube s\u2019\u00e9l\u00e8ve sur une mer apais\u00e9e, dont la surface calme refl\u00e8te le silence retrouv\u00e9.<\/p>\n<p data-start=\"523\" data-end=\"642\">Cette reproduction met en valeur les nuances de gris et la puissance contemplative de l\u2019\u0153uvre originale peinte en 2024, restituant fid\u00e8lement l&rsquo;\u00e9motion et la s\u00e9r\u00e9nit\u00e9 de cette derni\u00e8re.<\/p>\n<p data-start=\"902\" data-end=\"1132\">Chaque tirage est imprim\u00e9 sur papier Hahnem\u00fchle Photo Rag 308\u202fgsm. Les diff\u00e9rents formats sont propos\u00e9s en \u00e9dition limit\u00e9e, num\u00e9rot\u00e9s et sign\u00e9s \u00e0 la main par l\u2019artiste.<\/p>\n","protected":false},"excerpt":{"rendered":"<p class=\"cvGsUA direction-ltr align-start para-style-body\"><span class=\"a_GcMg font-feature-liga-off font-feature-clig-off font-feature-calt-off text-decoration-none text-strikethrough-none\">L\u2019aube d\u2019une matin\u00e9e gris\u00e2tre, apr\u00e8s une temp\u00eate nocturne. La mer est calme, la surface lisse, les vagues absentes. Trois bateaux sont amarr\u00e9s dans la baie redevenue paisible.<\/span><\/p>\n<p><em>Chaque tirage est r\u00e9alis\u00e9 en \u00e9dition limit\u00e9e, num\u00e9rot\u00e9 et sign\u00e9 par l\u2019artiste.<\/em><\/p>\n","protected":false},"featured_media":583,"template":"","meta":[],"product_brand":[],"product_cat":[75],"product_tag":[73,72],"class_list":{"0":"post-585","1":"product","2":"type-product","3":"status-publish","4":"has-post-thumbnail","6":"product_cat-tirage-dart","7":"product_tag-art","8":"product_tag-peinture","10":"first","11":"instock","12":"shipping-taxable","13":"purchasable","14":"product-type-variable"},"_links":{"self":[{"href":"https:\/\/violinejacquot.com\/index.php?rest_route=\/wp\/v2\/product\/585","targetHints":{"allow":["GET"]}}],"collection":[{"href":"https:\/\/violinejacquot.com\/index.php?rest_route=\/wp\/v2\/product"}],"about":[{"href":"https:\/\/violinejacquot.com\/index.php?rest_route=\/wp\/v2\/types\/product"}],"wp:featuredmedia":[{"embeddable":true,"href":"https:\/\/violinejacquot.com\/index.php?rest_route=\/wp\/v2\/media\/583"}],"wp:attachment":[{"href":"https:\/\/violinejacquot.com\/index.php?rest_route=%2Fwp%2Fv2%2Fmedia&parent=585"}],"wp:term":[{"taxonomy":"product_brand","embeddable":true,"href":"https:\/\/violinejacquot.com\/index.php?rest_route=%2Fwp%2Fv2%2Fproduct_brand&post=585"},{"taxonomy":"product_cat","embeddable":true,"href":"https:\/\/violinejacquot.com\/index.php?rest_route=%2Fwp%2Fv2%2Fproduct_cat&post=585"},{"taxonomy":"product_tag","embeddable":true,"href":"https:\/\/violinejacquot.com\/index.php?rest_route=%2Fwp%2Fv2%2Fproduct_tag&post=585"}],"curies":[{"name":"wp","href":"https:\/\/api.w.org\/{rel}","templated":true}]}}