
{"id":590,"date":"2025-08-25T17:38:03","date_gmt":"2025-08-25T15:38:03","guid":{"rendered":"https:\/\/violinejacquot.com\/?post_type=product&#038;p=590"},"modified":"2026-01-14T11:52:10","modified_gmt":"2026-01-14T10:52:10","slug":"contemplation","status":"publish","type":"product","link":"https:\/\/violinejacquot.com\/?product=contemplation","title":{"rendered":"Tirage Fine Art &#8211; Contemplation"},"content":{"rendered":"<p data-start=\"259\" data-end=\"666\">Tirage Fine Art de l\u2019\u0153uvre originale <em data-start=\"296\" data-end=\"315\">\u00ab Contemplation \u00bb<\/em>, issue de la s\u00e9rie \u00ab Qui\u00e9tude \u00bb. Cette sc\u00e8ne capture la tranquillit\u00e9 d\u2019un apr\u00e8s-midi d\u2019hiver, o\u00f9 la plaine enneig\u00e9e s\u2019\u00e9tend \u00e0 perte de vue, envelopp\u00e9e dans un voile de neige et de silence. Un homme, assis seul sur un banc, se perd dans ses pens\u00e9es et contemple ce paysage immobile, incarnant la solitude et la r\u00e9flexion dans un moment suspendu.<\/p>\n<p data-start=\"668\" data-end=\"851\">Cette reproduction restitue fid\u00e8lement l\u2019\u00e9motion et la s\u00e9r\u00e9nit\u00e9 de l\u2019\u0153uvre originale peinte en 2024, mettant en valeur les nuances subtiles de gris et la lumi\u00e8re fragile de l\u2019hiver.<\/p>\n<p data-start=\"853\" data-end=\"1006\">Chaque tirage est imprim\u00e9 sur papier Hahnem\u00fchle Photo Rag 308\u202fgsm. Les diff\u00e9rents formats sont propos\u00e9s en \u00e9dition limit\u00e9e, num\u00e9rot\u00e9s et sign\u00e9s \u00e0 la main par l\u2019artiste.<\/p>\n","protected":false},"excerpt":{"rendered":"<p class=\"cvGsUA direction-ltr align-start para-style-body\"><span class=\"a_GcMg font-feature-liga-off font-feature-clig-off font-feature-calt-off text-decoration-none text-strikethrough-none\">Un apr\u00e8s-midi froid et gris. Une plaine enneig\u00e9e. Un homme est assis sur un banc, seul. Il contemple la nature d\u00e9serte, comme immobile. Plong\u00e9 dans ses pens\u00e9es, le monde semble s\u2019arr\u00eater.<\/span><\/p>\n<p><em>Chaque tirage est r\u00e9alis\u00e9 en \u00e9dition limit\u00e9e, num\u00e9rot\u00e9 et sign\u00e9 par l\u2019artiste.<\/em><\/p>\n","protected":false},"featured_media":581,"template":"","meta":[],"product_brand":[],"product_cat":[75],"product_tag":[73,72],"class_list":{"0":"post-590","1":"product","2":"type-product","3":"status-publish","4":"has-post-thumbnail","6":"product_cat-tirage-dart","7":"product_tag-art","8":"product_tag-peinture","10":"first","11":"instock","12":"shipping-taxable","13":"purchasable","14":"product-type-variable"},"_links":{"self":[{"href":"https:\/\/violinejacquot.com\/index.php?rest_route=\/wp\/v2\/product\/590","targetHints":{"allow":["GET"]}}],"collection":[{"href":"https:\/\/violinejacquot.com\/index.php?rest_route=\/wp\/v2\/product"}],"about":[{"href":"https:\/\/violinejacquot.com\/index.php?rest_route=\/wp\/v2\/types\/product"}],"wp:featuredmedia":[{"embeddable":true,"href":"https:\/\/violinejacquot.com\/index.php?rest_route=\/wp\/v2\/media\/581"}],"wp:attachment":[{"href":"https:\/\/violinejacquot.com\/index.php?rest_route=%2Fwp%2Fv2%2Fmedia&parent=590"}],"wp:term":[{"taxonomy":"product_brand","embeddable":true,"href":"https:\/\/violinejacquot.com\/index.php?rest_route=%2Fwp%2Fv2%2Fproduct_brand&post=590"},{"taxonomy":"product_cat","embeddable":true,"href":"https:\/\/violinejacquot.com\/index.php?rest_route=%2Fwp%2Fv2%2Fproduct_cat&post=590"},{"taxonomy":"product_tag","embeddable":true,"href":"https:\/\/violinejacquot.com\/index.php?rest_route=%2Fwp%2Fv2%2Fproduct_tag&post=590"}],"curies":[{"name":"wp","href":"https:\/\/api.w.org\/{rel}","templated":true}]}}