
{"id":595,"date":"2025-08-25T17:40:51","date_gmt":"2025-08-25T15:40:51","guid":{"rendered":"https:\/\/violinejacquot.com\/?post_type=product&#038;p=595"},"modified":"2026-01-14T11:49:39","modified_gmt":"2026-01-14T10:49:39","slug":"fenetre","status":"publish","type":"product","link":"https:\/\/violinejacquot.com\/?product=fenetre","title":{"rendered":"Tirage Fine Art &#8211; Fen\u00eatre"},"content":{"rendered":"<p data-start=\"246\" data-end=\"637\">Tirage Fine Art de l\u2019\u0153uvre originale <em data-start=\"283\" data-end=\"296\">\u00ab Fen\u00eatre \u00bb<\/em>, issue de la s\u00e9rie \u00ab Entre deux mondes \u00bb. Cette sc\u00e8ne capture l\u2019instant suspendu o\u00f9 l\u2019eau et le ciel se confondent, effa\u00e7ant les fronti\u00e8res entre terre, air et mer. Au centre de cette composition a\u00e9rienne, un couple de sternes diamants s\u2019\u00e9lance dans une danse l\u00e9g\u00e8re, symbolisant la l\u00e9g\u00e8ret\u00e9 et l\u2019insouciance dans ce paysage po\u00e9tique.<\/p>\n<p data-start=\"639\" data-end=\"826\">Cette reproduction restitue fid\u00e8lement l\u2019\u00e9motion et la d\u00e9licatesse de l\u2019\u0153uvre originale peinte en 2025, mettant en valeur les nuances subtiles et l\u2019atmosph\u00e8re contemplative de la sc\u00e8ne.<\/p>\n<p data-start=\"828\" data-end=\"981\">Chaque tirage est imprim\u00e9 sur papier Hahnem\u00fchle Photo Rag 308\u202fgsm. Les diff\u00e9rents formats sont propos\u00e9s en \u00e9dition limit\u00e9e, num\u00e9rot\u00e9s et sign\u00e9s \u00e0 la main par l\u2019artiste.<\/p>\n","protected":false},"excerpt":{"rendered":"<p class=\"cvGsUA direction-ltr align-end para-style-body\"><span class=\"a_GcMg font-feature-liga-off font-feature-clig-off font-feature-calt-off text-decoration-none text-strikethrough-none\">Comme une fen\u00eatre entre deux mondes, <\/span><span class=\"a_GcMg font-feature-liga-off font-feature-clig-off font-feature-calt-off text-decoration-none text-strikethrough-none\">l\u2019eau et le ciel se confondent. Au c\u0153ur de ce spectacle, un couple de sternes diamants, l\u00e9g\u00e8res et insouciantes, se fr\u00f4lent et se cherchent.<\/span><\/p>\n<p><em>Chaque tirage est r\u00e9alis\u00e9 en \u00e9dition limit\u00e9e, num\u00e9rot\u00e9 et sign\u00e9 par l\u2019artiste.<\/em><\/p>\n","protected":false},"featured_media":793,"template":"","meta":[],"product_brand":[],"product_cat":[75],"product_tag":[73,72],"class_list":{"0":"post-595","1":"product","2":"type-product","3":"status-publish","4":"has-post-thumbnail","6":"product_cat-tirage-dart","7":"product_tag-art","8":"product_tag-peinture","10":"first","11":"instock","12":"shipping-taxable","13":"purchasable","14":"product-type-variable"},"_links":{"self":[{"href":"https:\/\/violinejacquot.com\/index.php?rest_route=\/wp\/v2\/product\/595","targetHints":{"allow":["GET"]}}],"collection":[{"href":"https:\/\/violinejacquot.com\/index.php?rest_route=\/wp\/v2\/product"}],"about":[{"href":"https:\/\/violinejacquot.com\/index.php?rest_route=\/wp\/v2\/types\/product"}],"wp:featuredmedia":[{"embeddable":true,"href":"https:\/\/violinejacquot.com\/index.php?rest_route=\/wp\/v2\/media\/793"}],"wp:attachment":[{"href":"https:\/\/violinejacquot.com\/index.php?rest_route=%2Fwp%2Fv2%2Fmedia&parent=595"}],"wp:term":[{"taxonomy":"product_brand","embeddable":true,"href":"https:\/\/violinejacquot.com\/index.php?rest_route=%2Fwp%2Fv2%2Fproduct_brand&post=595"},{"taxonomy":"product_cat","embeddable":true,"href":"https:\/\/violinejacquot.com\/index.php?rest_route=%2Fwp%2Fv2%2Fproduct_cat&post=595"},{"taxonomy":"product_tag","embeddable":true,"href":"https:\/\/violinejacquot.com\/index.php?rest_route=%2Fwp%2Fv2%2Fproduct_tag&post=595"}],"curies":[{"name":"wp","href":"https:\/\/api.w.org\/{rel}","templated":true}]}}