
{"id":848,"date":"2025-10-06T12:21:29","date_gmt":"2025-10-06T10:21:29","guid":{"rendered":"https:\/\/violinejacquot.com\/?post_type=product&#038;p=848"},"modified":"2026-01-14T11:47:37","modified_gmt":"2026-01-14T10:47:37","slug":"tirage-fine-art-rencontre","status":"publish","type":"product","link":"https:\/\/violinejacquot.com\/?product=tirage-fine-art-rencontre","title":{"rendered":"Tirage Fine Art &#8211; Rencontre"},"content":{"rendered":"<p data-start=\"71\" data-end=\"486\">Tirage Fine Art de l\u2019\u0153uvre originale \u00ab <em>Rencontre<\/em> \u00bb, issue de la s\u00e9rie \u00ab Qui\u00e9tude \u00bb. Cette sc\u00e8ne saisit la gr\u00e2ce silencieuse d\u2019une fin de journ\u00e9e brumeuse, o\u00f9 la lumi\u00e8re d\u00e9cline et se fond dans les eaux grises. Deux cygnes s\u2019avancent l\u2019un vers l\u2019autre, leurs silhouettes blanches illuminant le voile du soir. Dans leur regard, la douceur d\u2019une rencontre, comme deux \u00e2mes qui se reconnaissent dans le silence.<\/p>\n<p data-start=\"488\" data-end=\"677\">Cette reproduction restitue fid\u00e8lement l\u2019\u00e9motion et la d\u00e9licatesse de l\u2019\u0153uvre originale peinte en 2025, mettant en valeur les nuances subtiles de gris et la lumi\u00e8re apais\u00e9e du cr\u00e9puscule.<\/p>\n<p data-start=\"679\" data-end=\"832\">Chaque tirage est imprim\u00e9 sur papier Hahnem\u00fchle Photo Rag 308\u202fgsm. Les diff\u00e9rents formats sont propos\u00e9s en \u00e9dition limit\u00e9e, num\u00e9rot\u00e9s et sign\u00e9s \u00e0 la main par l\u2019artiste.<\/p>\n","protected":false},"excerpt":{"rendered":"<p><span style=\"font-weight: 400;\">Une fin de journ\u00e9e brumeuse, deux cygnes se rencontrent et s\u2019observent. Leur blancheur \u00e9claire les eaux grises, comme deux \u00e2mes qui se reconnaissent dans le silence.<\/span><\/p>\n<p><em>Chaque tirage est r\u00e9alis\u00e9 en \u00e9dition limit\u00e9e, num\u00e9rot\u00e9 et sign\u00e9 par l\u2019artiste.<\/em><\/p>\n","protected":false},"featured_media":853,"template":"","meta":[],"product_brand":[],"product_cat":[75],"product_tag":[73,72],"class_list":{"0":"post-848","1":"product","2":"type-product","3":"status-publish","4":"has-post-thumbnail","6":"product_cat-tirage-dart","7":"product_tag-art","8":"product_tag-peinture","10":"first","11":"instock","12":"shipping-taxable","13":"purchasable","14":"product-type-variable"},"_links":{"self":[{"href":"https:\/\/violinejacquot.com\/index.php?rest_route=\/wp\/v2\/product\/848","targetHints":{"allow":["GET"]}}],"collection":[{"href":"https:\/\/violinejacquot.com\/index.php?rest_route=\/wp\/v2\/product"}],"about":[{"href":"https:\/\/violinejacquot.com\/index.php?rest_route=\/wp\/v2\/types\/product"}],"wp:featuredmedia":[{"embeddable":true,"href":"https:\/\/violinejacquot.com\/index.php?rest_route=\/wp\/v2\/media\/853"}],"wp:attachment":[{"href":"https:\/\/violinejacquot.com\/index.php?rest_route=%2Fwp%2Fv2%2Fmedia&parent=848"}],"wp:term":[{"taxonomy":"product_brand","embeddable":true,"href":"https:\/\/violinejacquot.com\/index.php?rest_route=%2Fwp%2Fv2%2Fproduct_brand&post=848"},{"taxonomy":"product_cat","embeddable":true,"href":"https:\/\/violinejacquot.com\/index.php?rest_route=%2Fwp%2Fv2%2Fproduct_cat&post=848"},{"taxonomy":"product_tag","embeddable":true,"href":"https:\/\/violinejacquot.com\/index.php?rest_route=%2Fwp%2Fv2%2Fproduct_tag&post=848"}],"curies":[{"name":"wp","href":"https:\/\/api.w.org\/{rel}","templated":true}]}}