
{"id":986,"date":"2026-01-12T20:16:07","date_gmt":"2026-01-12T19:16:07","guid":{"rendered":"https:\/\/violinejacquot.com\/?post_type=product&#038;p=986"},"modified":"2026-01-14T12:03:11","modified_gmt":"2026-01-14T11:03:11","slug":"tirage-fine-art-ressac","status":"publish","type":"product","link":"https:\/\/violinejacquot.com\/?product=tirage-fine-art-ressac","title":{"rendered":"Tirage Fine Art &#8211; Ressac"},"content":{"rendered":"<p data-start=\"217\" data-end=\"589\">Tirage Fine Art de l\u2019\u0153uvre originale <em data-start=\"254\" data-end=\"265\">\u00ab Ressac \u00bb<\/em>, issue de la s\u00e9rie \u00ab Reliefs silencieux \u00bb qui <span class=\"a_GcMg font-feature-liga-off font-feature-clig-off font-feature-calt-off text-decoration-none text-strikethrough-none\">explore la mati\u00e8re \u00e0 travers textures, reliefs, vagues et montagnes. <\/span><span class=\"a_GcMg font-feature-liga-off font-feature-clig-off font-feature-calt-off text-decoration-none text-strikethrough-none\">Les tons gris et bleus s\u2019y entrem\u00ealent pour cr\u00e9er un mouvement et r\u00e9v\u00e8lent une tension douce entre calme et \u00e9lan. <\/span>Cette sc\u00e8ne capture un bateau, seul, avan\u00e7ant dans le ressac, poursuivant sa route malgr\u00e9 la force des vagues et l\u2019immensit\u00e9 qui l\u2019entoure.<\/p>\n<p data-start=\"591\" data-end=\"778\">Cette reproduction restitue fid\u00e8lement l\u2019\u00e9motion et la d\u00e9licatesse de l\u2019\u0153uvre originale peinte en 2024, mettant en valeur les nuances subtiles et l\u2019atmosph\u00e8re contemplative de la sc\u00e8ne.<\/p>\n<p data-start=\"780\" data-end=\"933\">Chaque tirage est imprim\u00e9 sur papier Hahnem\u00fchle Photo Rag 308\u202fgsm et sign\u00e9 par l\u2019artiste, offrant une reproduction durable et fid\u00e8le de l\u2019original.<\/p>\n","protected":false},"excerpt":{"rendered":"<p><span style=\"font-weight: 400;\">Un ciel lourd. Une \u00e9tendue d\u2019eau agit\u00e9e. Au milieu des vagues, un bateau avance, seul. <\/span><span style=\"font-weight: 400;\">Autour de lui, l\u2019immensit\u00e9 gronde. Le vent souffle, les vagues se dressent, se brisent, reviennent. <\/span><span style=\"font-weight: 400;\">Le bateau, minuscule, continue malgr\u00e9 tout. Fragile, mais debout. <\/span><span style=\"font-weight: 400;\">Face \u00e0 la puissance du monde et \u00e0 une solitude profonde, quelque chose persiste : un mouvement, une volont\u00e9, un \u00e9lan. <\/span><span style=\"font-weight: 400;\">Le ressac n\u2019engloutit pas. Il porte. Il rappelle que m\u00eame le plus petit peut traverser l\u2019immensit\u00e9.<\/span><\/p>\n<p><em>Chaque tirage est r\u00e9alis\u00e9 en \u00e9dition limit\u00e9e, num\u00e9rot\u00e9 et sign\u00e9 par l\u2019artiste.<\/em><\/p>\n","protected":false},"featured_media":991,"template":"","meta":[],"product_brand":[],"product_cat":[75],"product_tag":[73,72],"class_list":{"0":"post-986","1":"product","2":"type-product","3":"status-publish","4":"has-post-thumbnail","6":"product_cat-tirage-dart","7":"product_tag-art","8":"product_tag-peinture","10":"first","11":"instock","12":"shipping-taxable","13":"purchasable","14":"product-type-variable"},"_links":{"self":[{"href":"https:\/\/violinejacquot.com\/index.php?rest_route=\/wp\/v2\/product\/986","targetHints":{"allow":["GET"]}}],"collection":[{"href":"https:\/\/violinejacquot.com\/index.php?rest_route=\/wp\/v2\/product"}],"about":[{"href":"https:\/\/violinejacquot.com\/index.php?rest_route=\/wp\/v2\/types\/product"}],"wp:featuredmedia":[{"embeddable":true,"href":"https:\/\/violinejacquot.com\/index.php?rest_route=\/wp\/v2\/media\/991"}],"wp:attachment":[{"href":"https:\/\/violinejacquot.com\/index.php?rest_route=%2Fwp%2Fv2%2Fmedia&parent=986"}],"wp:term":[{"taxonomy":"product_brand","embeddable":true,"href":"https:\/\/violinejacquot.com\/index.php?rest_route=%2Fwp%2Fv2%2Fproduct_brand&post=986"},{"taxonomy":"product_cat","embeddable":true,"href":"https:\/\/violinejacquot.com\/index.php?rest_route=%2Fwp%2Fv2%2Fproduct_cat&post=986"},{"taxonomy":"product_tag","embeddable":true,"href":"https:\/\/violinejacquot.com\/index.php?rest_route=%2Fwp%2Fv2%2Fproduct_tag&post=986"}],"curies":[{"name":"wp","href":"https:\/\/api.w.org\/{rel}","templated":true}]}}